{"id":183,"date":"2021-08-23T13:15:54","date_gmt":"2021-08-23T11:15:54","guid":{"rendered":"https:\/\/effortdenouzonville.fr\/?page_id=183"},"modified":"2024-12-06T16:51:12","modified_gmt":"2024-12-06T15:51:12","slug":"adherents","status":"publish","type":"page","link":"https:\/\/effortdenouzonville.fr\/?page_id=183","title":{"rendered":"Espace adh\u00e9rents"},"content":{"rendered":"\n<p>Si vous \u00eates adh\u00e9rent ou adh\u00e9rente \u00e0 l&rsquo;Effort de Nouzonville, nous avons le plaisir de vous offrir un acc\u00e8s \u00e0 notre site.<br>Vous pourrez faire des commentaires et \u00e9crire des articles.<br><br>Rendez-vous \u00e0 la page : <a href=\"https:\/\/effortdenouzonville.fr\/wp-login.php?action=register\">https:\/\/effortdenouzonville.fr\/wp-login.php?action=register<\/a><br>et suivez les instructions.<br>Vous allez recevoir un email, il va souvent dans le dossier \u00ab\u00a0ind\u00e9sirables\u00a0\u00bb, soyez vigilant.<br>Un mot de passe par d\u00e9faut vous sera propos\u00e9&#8230; pas top il trouve le webmaster, vous pouvez le modifier.<\/p>\n\n\n\n<p>En cas de soucis, contactez le webmaster : <a href=\"mailto:jat75.tailleur@orange.fr\">cliquez ici<\/a><br><\/p>\n","protected":false},"excerpt":{"rendered":"<p>Si vous \u00eates adh\u00e9rent ou adh\u00e9rente \u00e0 l&rsquo;Effort de Nouzonville, nous avons le plaisir de vous offrir un acc\u00e8s \u00e0 notre site.Vous pourrez faire des commentaires et \u00e9crire des articles.<\/p>\n","protected":false},"author":1,"featured_media":0,"parent":0,"menu_order":0,"comment_status":"closed","ping_status":"closed","template":"","meta":{"footnotes":""},"class_list":{"1":"page","2":"type-page","3":"status-publish","4":"hentry"},"_links":{"self":[{"href":"https:\/\/effortdenouzonville.fr\/index.php?rest_route=\/wp\/v2\/pages\/183","targetHints":{"allow":["GET"]}}],"collection":[{"href":"https:\/\/effortdenouzonville.fr\/index.php?rest_route=\/wp\/v2\/pages"}],"about":[{"href":"https:\/\/effortdenouzonville.fr\/index.php?rest_route=\/wp\/v2\/types\/page"}],"author":[{"embeddable":true,"href":"https:\/\/effortdenouzonville.fr\/index.php?rest_route=\/wp\/v2\/users\/1"}],"replies":[{"embeddable":true,"href":"https:\/\/effortdenouzonville.fr\/index.php?rest_route=%2Fwp%2Fv2%2Fcomments&post=183"}],"version-history":[{"count":5,"href":"https:\/\/effortdenouzonville.fr\/index.php?rest_route=\/wp\/v2\/pages\/183\/revisions"}],"predecessor-version":[{"id":3522,"href":"https:\/\/effortdenouzonville.fr\/index.php?rest_route=\/wp\/v2\/pages\/183\/revisions\/3522"}],"wp:attachment":[{"href":"https:\/\/effortdenouzonville.fr\/index.php?rest_route=%2Fwp%2Fv2%2Fmedia&parent=183"}],"curies":[{"name":"wp","href":"https:\/\/api.w.org\/{rel}","templated":true}]}}