{"id":202,"date":"2021-08-23T13:43:22","date_gmt":"2021-08-23T11:43:22","guid":{"rendered":"https:\/\/effortdenouzonville.fr\/?page_id=202"},"modified":"2021-08-23T13:50:36","modified_gmt":"2021-08-23T11:50:36","slug":"historique","status":"publish","type":"page","link":"https:\/\/effortdenouzonville.fr\/?page_id=202","title":{"rendered":"Historique"},"content":{"rendered":"\n<div class=\"wp-block-image is-style-rounded\"><figure class=\"aligncenter size-full\"><img loading=\"lazy\" decoding=\"async\" width=\"240\" height=\"177\" src=\"https:\/\/effortdenouzonville.fr\/wp-content\/uploads\/2021\/08\/cropped-logo-en-bleu-et-noir-1-e1629634515838.png\" alt=\"\" class=\"wp-image-56\"\/><\/figure><\/div>\n\n\n\n<p>Cr\u00e9e en 1908 par <strong>Marceau MALICET,<\/strong> fr\u00e8re du c\u00e9l\u00e8bre po\u00e8te <a href=\"https:\/\/wikimonde.com\/article\/Th%C3%A9ophile_Malicet\" target=\"_blank\" rel=\"noreferrer noopener\">Th\u00e9ophile MALICET<\/a><\/p>\n\n\n\n<ul class=\"wp-block-list\"><li><strong><em>1966<\/em><\/strong>&nbsp;: l\u2019Effort devient propri\u00e9taire des locaux de la rue Bara<\/li><li><strong><em>D\u00e9but des ann\u00e9es 80<\/em><\/strong>&nbsp;: l\u2019Effort commence \u00e0 \u00eatre confront\u00e9 \u00e0 l\u2019engouement suscit\u00e9 par les diff\u00e9rentes sections, le club compte 250 licenci\u00e9s.<\/li><li><strong><em>Juin 1985<\/em><\/strong>&nbsp;: le club organise une rencontre internationale de Gymnastique&nbsp;: 1000 gymnastes se retrouvent \u00e0 Nouzonville.<\/li><li><strong><em>Octobre 1985<\/em><\/strong>&nbsp;: le planning des entra\u00eenements pose probl\u00e8me. La municipalit\u00e9 conc\u00e8de \u00e0 l\u2019Effort un pr\u00e9fabriqu\u00e9 de l\u2019\u00e9cole maternelle de Devant Nouzon. Celui-ci sera install\u00e9 sur le terrain de la rue Bara.<\/li><li><strong><em>Septembre 1989<\/em><\/strong>&nbsp;: l\u2019Effort rejoint la FFG ( F\u00e9d\u00e9ration Fran\u00e7aise de Gymnastique).<\/li><li><strong><em>24 Septembre 1994<\/em><\/strong>&nbsp;: La Salle Sp\u00e9cialis\u00e9e de Gymnastique est inaugur\u00e9e. D\u00e8s lors l\u2019Effort amorce une seconde jeunesse et atteint en 2000, 420 adh\u00e9rents.<\/li><li><strong><em>Aout 2000<\/em><\/strong>&nbsp;: un terrible incendie criminel an\u00e9antit tout ce travail.<\/li><li><strong><em>2000\/2001<\/em><\/strong>&nbsp;: saison tr\u00e8s morose 120 licenci\u00e9s.<\/li><li><strong><em>2001\/2005<\/em><\/strong>&nbsp;: l\u2019Effort reprend courage et effectue une lente remont\u00e9e.<\/li><li>Dans un contexte o\u00f9 le nombre de b\u00e9n\u00e9voles assurant les cours tendait \u00e0 diminuer et o\u00f9 les exigences techniques&nbsp; et l\u00e9gislatives augmentaient, le club s\u2019est tourn\u00e9 vers une solution stable dans le temps afin de p\u00e9renniser l\u2019activit\u00e9. Le club se dote de 2, puis 3 , jusqu\u2019\u00e0&nbsp; 6 salari\u00e9s \u00e0 temps partiels. La gestion prend un autre tournant mais les r\u00e9sultats sont l\u00e0.<\/li><li><strong><em>Saison 2006\/2007&nbsp;:<\/em><\/strong><em> 2 gymnastes qualifi\u00e9es au championnat de France GR<\/em><\/li><li><strong><em>Saison 2008\/2009&nbsp;: <\/em><\/strong><em>Une \u00e9quipe GAF qualifi\u00e9e aux Championnats de France<\/em><\/li><li><strong><em>Saison 2012\/2013&nbsp;: <\/em><\/strong><em>Une gymnaste Championne de France&nbsp;!<\/em><\/li><li><strong><em>Saison 2013\/2014&nbsp;: <\/em><\/strong><em>2 gymnastes aux Championnats de France GAF m\u00e9daill\u00e9es de bronze en individuel et une \u00e9quipe GAF Championne de France&nbsp;!<\/em><\/li><li><strong><em>Saisons 2014\/2019&nbsp;: <\/em><\/strong><em>participation aux championnats de France chaque ann\u00e9e et multiples r\u00e9compenses en GR, et GAF..<\/em><\/li><li><em>Parall\u00e8lement, le club obtient le Label \u00ab&nbsp;Petite Enfance&nbsp;\u00bb et d\u00e9veloppe son accueil pour les petits. Puis il obtient le label \u00ab&nbsp;Gym sant\u00e9&nbsp;\u00bb et multiplie les animations des \u00ab&nbsp;seniors&nbsp;\u00bb. Enfin il propose des activit\u00e9s sportives comme le step, la zumba, fitness, le yoga\u2026 et forme ses animateurs.<\/em><\/li><\/ul>\n","protected":false},"excerpt":{"rendered":"<p>Cr\u00e9e en 1908 par Marceau MALICET, fr\u00e8re du c\u00e9l\u00e8bre po\u00e8te Th\u00e9ophile MALICET 1966&nbsp;: l\u2019Effort devient propri\u00e9taire des locaux de la rue Bara D\u00e9but des ann\u00e9es 80&nbsp;: l\u2019Effort commence \u00e0 \u00eatre<\/p>\n","protected":false},"author":1,"featured_media":0,"parent":0,"menu_order":0,"comment_status":"closed","ping_status":"closed","template":"","meta":{"footnotes":""},"class_list":{"1":"page","2":"type-page","3":"status-publish","4":"hentry"},"_links":{"self":[{"href":"https:\/\/effortdenouzonville.fr\/index.php?rest_route=\/wp\/v2\/pages\/202","targetHints":{"allow":["GET"]}}],"collection":[{"href":"https:\/\/effortdenouzonville.fr\/index.php?rest_route=\/wp\/v2\/pages"}],"about":[{"href":"https:\/\/effortdenouzonville.fr\/index.php?rest_route=\/wp\/v2\/types\/page"}],"author":[{"embeddable":true,"href":"https:\/\/effortdenouzonville.fr\/index.php?rest_route=\/wp\/v2\/users\/1"}],"replies":[{"embeddable":true,"href":"https:\/\/effortdenouzonville.fr\/index.php?rest_route=%2Fwp%2Fv2%2Fcomments&post=202"}],"version-history":[{"count":2,"href":"https:\/\/effortdenouzonville.fr\/index.php?rest_route=\/wp\/v2\/pages\/202\/revisions"}],"predecessor-version":[{"id":208,"href":"https:\/\/effortdenouzonville.fr\/index.php?rest_route=\/wp\/v2\/pages\/202\/revisions\/208"}],"wp:attachment":[{"href":"https:\/\/effortdenouzonville.fr\/index.php?rest_route=%2Fwp%2Fv2%2Fmedia&parent=202"}],"curies":[{"name":"wp","href":"https:\/\/api.w.org\/{rel}","templated":true}]}}