{"id":213,"date":"2021-08-23T13:58:46","date_gmt":"2021-08-23T11:58:46","guid":{"rendered":"https:\/\/effortdenouzonville.fr\/?page_id=213"},"modified":"2021-08-24T21:06:47","modified_gmt":"2021-08-24T19:06:47","slug":"babygym-eveil","status":"publish","type":"page","link":"https:\/\/effortdenouzonville.fr\/?page_id=213","title":{"rendered":"Babygym &#8211; Eveil"},"content":{"rendered":"\n<p>Pour <strong>jouer, <\/strong><strong>grimper,<\/strong> <strong>rouler<\/strong>, <strong>s\u2019amuser<\/strong> \u2026<\/p>\n\n\n\n<p>Des 15 mois \u00e0 6 ans,&nbsp;la F\u00e9d\u00e9ration Fran\u00e7aise de Gymnastique propose la Baby Gym, une activit\u00e9 id\u00e9ale pour&nbsp;se d\u00e9fouler et apprendre \u00e0 ma\u00eetriser son corps !<\/p>\n\n\n\n<h3 class=\"wp-block-heading\"><span class=\"has-inline-color has-vivid-red-color\">Cinq bonnes raisons de faire de la Baby Gym<\/span><\/h3>\n\n\n\n<p><strong><span class=\"has-inline-color has-vivid-red-color\">1. Un lieu r\u00e9serv\u00e9 \u00e0 la Baby Gym<\/span><\/strong><\/p>\n\n\n\n<p>Le gymnase est une structure am\u00e9nag\u00e9e qui peut devenir un magnifique terrain de jeu s\u00e9curis\u00e9. Un lieu parfaitement adapt\u00e9 au d\u00e9veloppement psychomoteur de l&rsquo;enfant! Parce l&rsquo;enfant a besoin de bouger, les activit\u00e9s de la Baby Gym ont \u00e9t\u00e9 pens\u00e9es en fonction de son comportement : marcher, sauter, rouler, se balancer, jouer, imiter, imaginer, explorer deviennent des projets auxquels les clubs de la FFGym donnent forme.<\/p>\n\n\n\n<p><strong><span class=\"has-inline-color has-vivid-red-color\">2. Un encadrement qualifi\u00e9 et certifi\u00e9<\/span><\/strong><\/p>\n\n\n\n<p>Tous les animateurs du Club sont titulaires du dipl\u00f4me d&rsquo;Animateur d\u00e9livr\u00e9 par la FFG. Les Clubs affili\u00e9s \u00e0 la F\u00e9d\u00e9ration Fran\u00e7aise de Gymnastique sont accompagn\u00e9s dans la mise en place de leur projet p\u00e9dagogique.<\/p>\n\n\n\n<p><strong><span class=\"has-inline-color has-vivid-red-color\">3. Une activit\u00e9 en famille<\/span><\/strong><\/p>\n\n\n\n<p>Tous les parents s&rsquo;\u00e9merveillent des prouesses et des progr\u00e8s de leurs enfants. Dans les Clubs FFG, les parents, les grands parents ou les nounous sont accueillis \u00e0 bras ouverts pour participer \u00e0 la s\u00e9ance de Baby Gym : guider son enfant sur la poutre, donner la main \u00e0 un autre sur un parcours, d\u00e9placer un tapis sur un autre atelier&#8230;et se former pour en savoir plus : c&rsquo;est le programme simple et convivial \u00ab Accompagnateur Baby Gym \u00bb.<\/p>\n\n\n\n<p><strong><span class=\"has-inline-color has-vivid-red-color\">4. Les plus de la Baby Gym<\/span><\/strong><\/p>\n\n\n\n<p>La F\u00e9d\u00e9ration Fran\u00e7aise de Gymnastique participe au programme officiel \u00ab bien manger, bien bouger \u00bb pour sensibiliser les jeunes enfants et leurs parents \u00e0 la pr\u00e9vention contre l&rsquo;ob\u00e9sit\u00e9 infantile. Le programme Baby Gym, \u00e9labor\u00e9 en collaboration avec des enseignants facilite l&rsquo;apprentissage du langage par l&rsquo;acquisition des bases psychomotrices et de coordination requises<\/p>\n\n\n\n<p><span class=\"has-inline-color has-vivid-red-color\"><strong>5. <\/strong>Nous sommes un club de gym qui pratique la Baby Gym<\/span><\/p>\n","protected":false},"excerpt":{"rendered":"<p>Pour jouer, grimper, rouler, s\u2019amuser \u2026 Des 15 mois \u00e0 6 ans,&nbsp;la F\u00e9d\u00e9ration Fran\u00e7aise de Gymnastique propose la Baby Gym, une activit\u00e9 id\u00e9ale pour&nbsp;se d\u00e9fouler et apprendre \u00e0 ma\u00eetriser son<\/p>\n","protected":false},"author":1,"featured_media":0,"parent":0,"menu_order":0,"comment_status":"closed","ping_status":"closed","template":"","meta":{"footnotes":""},"class_list":{"1":"page","2":"type-page","3":"status-publish","4":"hentry"},"_links":{"self":[{"href":"https:\/\/effortdenouzonville.fr\/index.php?rest_route=\/wp\/v2\/pages\/213","targetHints":{"allow":["GET"]}}],"collection":[{"href":"https:\/\/effortdenouzonville.fr\/index.php?rest_route=\/wp\/v2\/pages"}],"about":[{"href":"https:\/\/effortdenouzonville.fr\/index.php?rest_route=\/wp\/v2\/types\/page"}],"author":[{"embeddable":true,"href":"https:\/\/effortdenouzonville.fr\/index.php?rest_route=\/wp\/v2\/users\/1"}],"replies":[{"embeddable":true,"href":"https:\/\/effortdenouzonville.fr\/index.php?rest_route=%2Fwp%2Fv2%2Fcomments&post=213"}],"version-history":[{"count":4,"href":"https:\/\/effortdenouzonville.fr\/index.php?rest_route=\/wp\/v2\/pages\/213\/revisions"}],"predecessor-version":[{"id":395,"href":"https:\/\/effortdenouzonville.fr\/index.php?rest_route=\/wp\/v2\/pages\/213\/revisions\/395"}],"wp:attachment":[{"href":"https:\/\/effortdenouzonville.fr\/index.php?rest_route=%2Fwp%2Fv2%2Fmedia&parent=213"}],"curies":[{"name":"wp","href":"https:\/\/api.w.org\/{rel}","templated":true}]}}