{"id":219,"date":"2021-08-23T13:59:37","date_gmt":"2021-08-23T11:59:37","guid":{"rendered":"https:\/\/effortdenouzonville.fr\/?page_id=219"},"modified":"2021-08-24T21:09:34","modified_gmt":"2021-08-24T19:09:34","slug":"gymnastique-artistique-masculine","status":"publish","type":"page","link":"https:\/\/effortdenouzonville.fr\/?page_id=219","title":{"rendered":"Gymnastique artistique masculine"},"content":{"rendered":"\n<p>La Gymnastique Artistique Masculine (aussi appel\u00e9e GAM) est une discipline alliant force, puissance, et agilit\u00e9.<\/p>\n\n\n\n<p>La GAM se pratique sur 6 agr\u00e8s : le sol, les ar\u00e7ons, les anneaux, le saut, les barres parall\u00e8les et la barre fixe. Chacun de ces agr\u00e8s fait appel \u00e0 des qualit\u00e9s bien pr\u00e9cises qui en font une discipline compl\u00e8te.<\/p>\n\n\n\n<p><span class=\"has-inline-color has-vivid-red-color\"><strong>LE SOL<\/strong> | Acrobatie, l\u00e9g\u00e8ret\u00e9 et souplesse<\/span><br>Dimensions : 12 x 12 m<\/p>\n\n\n\n<p><span class=\"has-inline-color has-vivid-red-color\"><strong>LES AR\u00c7ONS<\/strong> | Endurance et harmonie<\/span><br>Hauteur : 1,15 m (du sol)<br>Longueur sup\u00e9rieure : 1,60 m<br>Distance entre les ar\u00e7ons : 40 \u00e0 45 cm<\/p>\n\n\n\n<p><span class=\"has-inline-color has-vivid-red-color\"><strong>LES ANNEAUX<\/strong> | Force, puissance et r\u00e9sistance<\/span><br>Hauteur : 2.80 m (du sol)<br>Diam\u00e8tre : 18 cm<\/p>\n\n\n\n<p><span class=\"has-inline-color has-vivid-red-color\"><strong>LE SAUT<\/strong> | Dynamisme et acrobatie<\/span><br>Longueur de la table de saut : 1,20 m<br>Largeur : 95 cm<br>Hauteur (point max.) : 1,35 m<\/p>\n\n\n\n<p><span class=\"has-inline-color has-vivid-red-color\"><strong>LES BARRES PARALLELES<\/strong> | Harmonie et \u00e9l\u00e9gance<\/span><br>Hauteur : 2 m<br>\u00c9cartement des barres : r\u00e9glable<\/p>\n\n\n\n<p><span class=\"has-inline-color has-vivid-red-color\"><strong>LA BARRE FIXE <\/strong>| Voltige, agilit\u00e9 et souplesse<\/span><br>Hauteur : 2,80 m (du sol)<\/p>\n","protected":false},"excerpt":{"rendered":"<p>La Gymnastique Artistique Masculine (aussi appel\u00e9e GAM) est une discipline alliant force, puissance, et agilit\u00e9. La GAM se pratique sur 6 agr\u00e8s : le sol, les ar\u00e7ons, les anneaux, le<\/p>\n","protected":false},"author":1,"featured_media":0,"parent":0,"menu_order":0,"comment_status":"closed","ping_status":"closed","template":"","meta":{"footnotes":""},"class_list":{"1":"page","2":"type-page","3":"status-publish","4":"hentry"},"_links":{"self":[{"href":"https:\/\/effortdenouzonville.fr\/index.php?rest_route=\/wp\/v2\/pages\/219","targetHints":{"allow":["GET"]}}],"collection":[{"href":"https:\/\/effortdenouzonville.fr\/index.php?rest_route=\/wp\/v2\/pages"}],"about":[{"href":"https:\/\/effortdenouzonville.fr\/index.php?rest_route=\/wp\/v2\/types\/page"}],"author":[{"embeddable":true,"href":"https:\/\/effortdenouzonville.fr\/index.php?rest_route=\/wp\/v2\/users\/1"}],"replies":[{"embeddable":true,"href":"https:\/\/effortdenouzonville.fr\/index.php?rest_route=%2Fwp%2Fv2%2Fcomments&post=219"}],"version-history":[{"count":4,"href":"https:\/\/effortdenouzonville.fr\/index.php?rest_route=\/wp\/v2\/pages\/219\/revisions"}],"predecessor-version":[{"id":398,"href":"https:\/\/effortdenouzonville.fr\/index.php?rest_route=\/wp\/v2\/pages\/219\/revisions\/398"}],"wp:attachment":[{"href":"https:\/\/effortdenouzonville.fr\/index.php?rest_route=%2Fwp%2Fv2%2Fmedia&parent=219"}],"curies":[{"name":"wp","href":"https:\/\/api.w.org\/{rel}","templated":true}]}}