{"id":260,"date":"2021-08-23T15:14:43","date_gmt":"2021-08-23T13:14:43","guid":{"rendered":"https:\/\/effortdenouzonville.fr\/?page_id=260"},"modified":"2021-08-24T21:03:16","modified_gmt":"2021-08-24T19:03:16","slug":"valeurs-et-chartes","status":"publish","type":"page","link":"https:\/\/effortdenouzonville.fr\/?page_id=260","title":{"rendered":"Valeurs et Chartes"},"content":{"rendered":"\n<p><strong><span class=\"has-inline-color has-vivid-red-color\">Nos valeurs<\/span><\/strong><\/p>\n\n\n\n<p><strong>Respect<\/strong><br>&#8211; Respecter autrui (dirigeants, entraineurs, juges, adversaires&#8230;)<br>&#8211; Respecter les r\u00e8gles sportives <br>&#8211; Respecter l\u2019environnement (mat\u00e9riel, \u00e9quipement, nature)<br><br><strong>Engagement<\/strong><br>&#8211; D\u00e9velopper le go\u00fbt de l\u2019effort et donner son maximum (d\u00e9passement de soi)<br>&#8211; Entreprendre en surmontant les difficult\u00e9s<br><br><strong>Solidarit\u00e9<\/strong><br>&#8211; Collaborer avec son groupe (\u00e9quipe, club, f\u00e9d\u00e9ration, pays)<br>&#8211; Progresser ensemble (se soutenir et s\u2019entraider pour avancer ensemble)<br><br><strong>Excellence<\/strong><br>&#8211; Rechercher la perfection et la beaut\u00e9 du geste<br>&#8211; Organiser sa pratique en maitrisant les risques<br>&#8211; Equilibrer et r\u00e9\u00e9quilibrer son corps en permanence<br>&#8211; Rechercher la pr\u00e9cision en toutes circonstances<br><br><strong>Responsabilit\u00e9<\/strong><br>&#8211; Assumer sa pr\u00e9sentation, sa prestation devant les autres<br>&#8211; Accepter d\u2019\u00eatre jug\u00e9 par les autres <br>&#8211; S\u2019exprimer avec authenticit\u00e9 (sans tricher avec soi-m\u00eame ou avec les autres)<br><br><strong>Plaisir<\/strong><br>&#8211; Pratiquer par plaisir, et pour le plaisir<br>&#8211; Pratiquer avec le plaisir comme source de progr\u00e8s<br>&#8211; Rechercher l\u2019\u00e9panouissement personnel et collectif<br>&#8211; Partager les \u00e9motions sportives<\/p>\n\n\n\n<hr class=\"wp-block-separator\"\/>\n\n\n\n<p><strong><span class=\"has-inline-color has-vivid-red-color\">La charte du dirigeant<\/span><\/strong><br><br>Le dirigeant d\u2019association pris au sens large, (pr\u00e9sident, tr\u00e9sorier, secr\u00e9taire, membre du comit\u00e9 directeur..) doit dans l\u2019exercice de sa responsabilit\u00e9 :<br>1. Connaitre, diffuser et respecter les valeurs et les r\u00e8gles collectives de la FFGym (statuts, r\u00e8glement int\u00e9rieur, r\u00e8glement technique &#8230;)<br>2. Porter les valeurs et mettre en \u0153uvre les r\u00e8gles collectives de sa propre association<br>affili\u00e9e \u00e0 la FFGym<br>3. Accueillir sans discrimination tous les pratiquants<br>4. Promouvoir la gymnastique pour tous, permettant les progr\u00e8s et l\u2019\u00e9panouissement de<br>chacun<br>5. Organiser l\u2019activit\u00e9 en toute s\u00e9curit\u00e9 (encadrement et mat\u00e9riel)<br>6. Bannir tous les comportements abusifs<br>7. Prot\u00e9ger les pratiquants des \u00e9ventuels comportements d\u00e9viants<br>8. Stimuler la participation des collaborateurs b\u00e9n\u00e9voles et professionnels<br>9. Etre exemplaire pour induire l\u2019exemplarit\u00e9<br>10. Communiquer et rendre des comptes sur l\u2019\u00e9volution de l\u2019association<\/p>\n\n\n\n<hr class=\"wp-block-separator\"\/>\n\n\n\n<p><span class=\"has-inline-color has-vivid-red-color\">L<strong>a charte du cadre technique<\/strong><\/span><\/p>\n\n\n\n<p>Afin de respecter l\u2019int\u00e9grit\u00e9 physique et psychologique du pratiquant, le cadre technique d\u2019association pris au sens large, (animateur, entra\u00eeneur, &#8230; \/ b\u00e9n\u00e9vole ou professionnel &#8230;) doit dans l\u2019exercice de sa responsabilit\u00e9, en relation avec des pratiquants adultes ou enfants :<br>1. Connaitre, diffuser et respecter les valeurs et les r\u00e8gles collectives de la FFGym <br>(statuts, r\u00e8glement int\u00e9rieur, r\u00e8glement technique &#8230;)<br>2. Porter les valeurs et mettre en \u0153uvre les r\u00e8gles collectives de l\u2019association affili\u00e9e \u00e0 la FFGym <br>(statuts, r\u00e8glement int\u00e9rieur, &#8230;)<br>3. Faire preuve de respect et d\u2019\u00e9quit\u00e9 sans discrimination<br>4. Garantir la s\u00e9curit\u00e9 du pratiquant, notamment par la parade et une utilisation adapt\u00e9e du mat\u00e9riel<br>5. Rester disponible, \u00e0 l\u2019\u00e9coute, et donner confiance<br>6. Fid\u00e9liser en transmettant aux diff\u00e9rents publics sa passion pour la gymnastique<br>7. Animer, encadrer, \u00e9duquer, enseigner avec exigence et sans autoritarisme<br>8. Stimuler les progr\u00e8s techniques, physiques et psychologiques du pratiquant<br>9. Proscrire tout abus de pouvoir (injures, moqueries, intimidations, menaces, isolement&#8230;)<br>10. Prot\u00e9ger les pratiquants des \u00e9ventuels comportements d\u00e9viants<br>11. Proscrire la consommation de produits n\u00e9fastes \u00e0 la sant\u00e9 (alcool, tabac, drogue &#8230;)<br>12. Etre un \u00e9ducateur exemplaire pour induire l\u2019exemplarit\u00e9<br>13. Participer \u00e0 l\u2019\u00e9volution technique et p\u00e9dagogique de l\u2019association<br>14. Faire \u00e9voluer r\u00e9guli\u00e8rement ses connaissances et ses comp\u00e9tences<\/p>\n\n\n\n<hr class=\"wp-block-separator\"\/>\n\n\n\n<p><strong><span class=\"has-inline-color has-vivid-red-color\">La charte du gymnaste<\/span><\/strong><span class=\"has-inline-color has-vivid-red-color\"><br><\/span><br>Le gymnaste pris au sens large, (du d\u00e9butant au sportif de haut-niveau) doit dans l\u2019exercice de sa responsabilit\u00e9 :<br>1. Respecter les valeurs et les r\u00e8glements de la FFGym<br>2. Respecter les partenaires, adversaires, juges, entra\u00eeneurs, dirigeants et officiels, organisateurs et m\u00e9dias, ainsi que l\u2019environnement dans lequel il \u00e9volue<br>3. Faire preuve de fair-play, de loyaut\u00e9 et de tol\u00e9rance \u00e0 l\u2019\u00e9gard des partenaires et des adversaires<br>4. S\u2019interdire l\u2019utilisation de substances ou de proc\u00e9d\u00e9s interdits<br>5. Refuser toute forme de violence, discrimination et tricherie<br>6. Etre et demeurer exemplaire dans et au dehors de l\u2019aire sportive<br>7. Accepter les r\u00e8gles et le r\u00e9sultat en toute circonstance<br>8. S\u2019engager dans sa pratique, d\u00e9velopper le go\u00fbt de l\u2019effort et le d\u00e9passement de soi<br>9. Mettre en coh\u00e9rence sa pr\u00e9paration avec les objectifs poursuivis<br>10. Repr\u00e9senter avec fiert\u00e9 et loyaut\u00e9 son club, sa f\u00e9d\u00e9ration et son pays<\/p>\n\n\n\n<hr class=\"wp-block-separator\"\/>\n\n\n\n<p><strong><span class=\"has-inline-color has-vivid-red-color\">La charte du juge<\/span><\/strong><br><br>Cette charte est issue du code de d\u00e9ontologie de l\u2019Association Fran\u00e7aise du Corps Arbitral Multisports (AFCAM). <br>Le juge FFGym de tout niveau, doit dans l\u2019exercice de sa responsabilit\u00e9 :<br>1. Connaitre avec pr\u00e9cision et appliquer les r\u00e8gles et r\u00e8glements<br>2. Etre juste, impartial et communiquer clairement ses d\u00e9cisions<br>3. Suivre les formations et maintenir les comp\u00e9tences de son niveau de pratique<br>4. Etre bien pr\u00e9par\u00e9 pour chaque comp\u00e9tition (condition physique, ponctualit\u00e9&#8230;)<br>5. Etre et demeurer exemplaire dans et au dehors de l\u2019aire sportive<br>6. Etre respectueux de tous les acteurs de la comp\u00e9tition<br>7. S\u2019interdire toutes critiques pr\u00e9judiciables envers d\u2019autres arbitres ou des institutions<br>8. Avoir un comportement irr\u00e9prochable<br>9. S\u2019interdire tout conflit d\u2019int\u00e9r\u00eat<br>10. Faire preuve d\u2019un esprit de sportivit\u00e9 et promouvoir le fair-play<\/p>\n","protected":false},"excerpt":{"rendered":"<p>Nos valeurs Respect&#8211; Respecter autrui (dirigeants, entraineurs, juges, adversaires&#8230;)&#8211; Respecter les r\u00e8gles sportives &#8211; Respecter l\u2019environnement (mat\u00e9riel, \u00e9quipement, nature) Engagement&#8211; D\u00e9velopper le go\u00fbt de l\u2019effort et donner son maximum (d\u00e9passement<\/p>\n","protected":false},"author":1,"featured_media":0,"parent":0,"menu_order":0,"comment_status":"closed","ping_status":"closed","template":"","meta":{"footnotes":""},"class_list":{"1":"page","2":"type-page","3":"status-publish","4":"hentry"},"_links":{"self":[{"href":"https:\/\/effortdenouzonville.fr\/index.php?rest_route=\/wp\/v2\/pages\/260","targetHints":{"allow":["GET"]}}],"collection":[{"href":"https:\/\/effortdenouzonville.fr\/index.php?rest_route=\/wp\/v2\/pages"}],"about":[{"href":"https:\/\/effortdenouzonville.fr\/index.php?rest_route=\/wp\/v2\/types\/page"}],"author":[{"embeddable":true,"href":"https:\/\/effortdenouzonville.fr\/index.php?rest_route=\/wp\/v2\/users\/1"}],"replies":[{"embeddable":true,"href":"https:\/\/effortdenouzonville.fr\/index.php?rest_route=%2Fwp%2Fv2%2Fcomments&post=260"}],"version-history":[{"count":2,"href":"https:\/\/effortdenouzonville.fr\/index.php?rest_route=\/wp\/v2\/pages\/260\/revisions"}],"predecessor-version":[{"id":393,"href":"https:\/\/effortdenouzonville.fr\/index.php?rest_route=\/wp\/v2\/pages\/260\/revisions\/393"}],"wp:attachment":[{"href":"https:\/\/effortdenouzonville.fr\/index.php?rest_route=%2Fwp%2Fv2%2Fmedia&parent=260"}],"curies":[{"name":"wp","href":"https:\/\/api.w.org\/{rel}","templated":true}]}}