{"id":284,"date":"2021-08-24T09:53:57","date_gmt":"2021-08-24T07:53:57","guid":{"rendered":"https:\/\/effortdenouzonville.fr\/?page_id=284"},"modified":"2025-08-06T17:01:41","modified_gmt":"2025-08-06T15:01:41","slug":"babygym-eveil-2","status":"publish","type":"page","link":"https:\/\/effortdenouzonville.fr\/?page_id=284","title":{"rendered":"BABYGYM- EVEIL"},"content":{"rendered":"\n<p class=\"has-text-align-center\"><strong>INSCRIPTIONS 2025 &#8211; 2026<\/strong><\/p>\n\n\n\n<p>Tenue correcte exig\u00e9e ( ballerines semelles blanches ou socquettes blanches , cheveux attach\u00e9s )&nbsp;<\/p>\n\n\n\n<p class=\"has-text-align-center\"><\/p>\n\n\n\n<div data-wp-interactive=\"core\/file\" class=\"wp-block-file\"><object data-wp-bind--hidden=\"!state.hasPdfPreview\" hidden class=\"wp-block-file__embed\" data=\"https:\/\/effortdenouzonville.fr\/wp-content\/uploads\/2025\/08\/tarif-PE-2026.pdf\" type=\"application\/pdf\" style=\"width:100%;height:600px\" aria-label=\"Contenu embarqu\u00e9 Tarif Petite Enfance 2026.\"><\/object><a id=\"wp-block-file--media-74c8c1a9-b727-46f0-aad7-333054f65ff6\" href=\"https:\/\/effortdenouzonville.fr\/wp-content\/uploads\/2025\/08\/tarif-PE-2026.pdf\">Tarif Petite Enfance 2026<\/a><a href=\"https:\/\/effortdenouzonville.fr\/wp-content\/uploads\/2025\/08\/tarif-PE-2026.pdf\" class=\"wp-block-file__button wp-element-button\" download aria-describedby=\"wp-block-file--media-74c8c1a9-b727-46f0-aad7-333054f65ff6\">T\u00e9l\u00e9charger<\/a><\/div>\n\n\n\n<p class=\"has-text-align-center\">PETITE ENFANCE :<br>Samedi matin &#8211; Salle Francisco COBO (rue de la grande all\u00e9e 08700)<br><br>Maman \/ B\u00e9b\u00e9 : de 09h15 \u00e0 10h00 pour les enfants n\u00e9s en 2023 et 2024.<br>Petit parcours gymnique avec un parent.<br><br>Baby Gym : de 10h00 \u00e0 10h45 pour les enfants n\u00e9s en 2022 et 2023 <br><strong>Sans accompagnement d&rsquo;un parent<\/strong><br><br>Eveil gymnique 1 : de 10h45 \u00e0 11h30 pour les enfants n\u00e9s en 2020 et 2021.<br> <strong>Sans accompagnement d&rsquo;un parent<\/strong><\/p>\n\n\n\n<p class=\"has-text-align-center\">Eveil gymnique 2 : de 11h30 \u00e0 12h15 pour les enfants n\u00e9s en 2020.<br> <strong>Sans accompagnement d&rsquo;un parent<\/strong><\/p>\n\n\n\n<p class=\"has-text-align-center\">Attention : Pour ces trois derni\u00e8res activit\u00e9s, les parents ne restent pas dans la salle.<\/p>\n\n\n\n<p><\/p>\n","protected":false},"excerpt":{"rendered":"<p>INSCRIPTIONS 2025 &#8211; 2026 Tenue correcte exig\u00e9e ( ballerines semelles blanches ou socquettes blanches , cheveux attach\u00e9s )&nbsp; PETITE ENFANCE :Samedi matin &#8211; Salle Francisco COBO (rue de la grande<\/p>\n","protected":false},"author":1,"featured_media":0,"parent":0,"menu_order":0,"comment_status":"closed","ping_status":"closed","template":"","meta":{"footnotes":""},"class_list":{"1":"page","2":"type-page","3":"status-publish","4":"hentry"},"_links":{"self":[{"href":"https:\/\/effortdenouzonville.fr\/index.php?rest_route=\/wp\/v2\/pages\/284","targetHints":{"allow":["GET"]}}],"collection":[{"href":"https:\/\/effortdenouzonville.fr\/index.php?rest_route=\/wp\/v2\/pages"}],"about":[{"href":"https:\/\/effortdenouzonville.fr\/index.php?rest_route=\/wp\/v2\/types\/page"}],"author":[{"embeddable":true,"href":"https:\/\/effortdenouzonville.fr\/index.php?rest_route=\/wp\/v2\/users\/1"}],"replies":[{"embeddable":true,"href":"https:\/\/effortdenouzonville.fr\/index.php?rest_route=%2Fwp%2Fv2%2Fcomments&post=284"}],"version-history":[{"count":20,"href":"https:\/\/effortdenouzonville.fr\/index.php?rest_route=\/wp\/v2\/pages\/284\/revisions"}],"predecessor-version":[{"id":3856,"href":"https:\/\/effortdenouzonville.fr\/index.php?rest_route=\/wp\/v2\/pages\/284\/revisions\/3856"}],"wp:attachment":[{"href":"https:\/\/effortdenouzonville.fr\/index.php?rest_route=%2Fwp%2Fv2%2Fmedia&parent=284"}],"curies":[{"name":"wp","href":"https:\/\/api.w.org\/{rel}","templated":true}]}}