{"id":287,"date":"2021-08-24T09:54:27","date_gmt":"2021-08-24T07:54:27","guid":{"rendered":"https:\/\/effortdenouzonville.fr\/?page_id=287"},"modified":"2025-08-07T08:52:29","modified_gmt":"2025-08-07T06:52:29","slug":"gymnastique-artistique-feminine-gymnastique-artistique-masculine-gymnastique-rythmique","status":"publish","type":"page","link":"https:\/\/effortdenouzonville.fr\/?page_id=287","title":{"rendered":"GAF-GAM-Danse"},"content":{"rendered":"\n<p class=\"has-text-align-center\">*** <strong>INSCRIPTIONS 2025 -2026 ***<\/strong><\/p>\n\n\n\n<div data-wp-interactive=\"core\/file\" class=\"wp-block-file\"><object data-wp-bind--hidden=\"!state.hasPdfPreview\" hidden class=\"wp-block-file__embed\" data=\"https:\/\/effortdenouzonville.fr\/wp-content\/uploads\/2025\/08\/tarif-GAF-GAM-danse-2026-1.pdf\" type=\"application\/pdf\" style=\"width:100%;height:600px\" aria-label=\"Contenu embarqu\u00e9 tarif GAF GAM danse 2026.\"><\/object><a id=\"wp-block-file--media-e6d7cdc8-1487-4b56-916f-c1ddf965195e\" href=\"https:\/\/effortdenouzonville.fr\/wp-content\/uploads\/2025\/08\/tarif-GAF-GAM-danse-2026-1.pdf\">tarif GAF GAM danse 2026<\/a><a href=\"https:\/\/effortdenouzonville.fr\/wp-content\/uploads\/2025\/08\/tarif-GAF-GAM-danse-2026-1.pdf\" class=\"wp-block-file__button wp-element-button\" download aria-describedby=\"wp-block-file--media-e6d7cdc8-1487-4b56-916f-c1ddf965195e\">T\u00e9l\u00e9charger<\/a><\/div>\n\n\n\n<p class=\"has-large-font-size\"><strong>Modern&rsquo; Danse<\/strong><\/p>\n\n\n\n<p class=\"has-medium-font-size\">COSEC de Nouzonville (rue de la grande All\u00e9e Nouzonville)<\/p>\n\n\n\n<p style=\"font-size:17px\">Gar\u00e7ons et filles n\u00e9s en 2020 et avant .&nbsp;<\/p>\n\n\n\n<p style=\"font-size:17px\">Vendredi de 17h30 \u00e0 19h . &nbsp;<\/p>\n\n\n\n<p class=\"has-large-font-size\"><strong>TEAM GYM<\/strong> (acrobaties, tumbling, saut, trampoline)<\/p>\n\n\n\n<p>Salle COBO<\/p>\n\n\n\n<p>Adolescents n\u00e9s en 2013 et avant<\/p>\n\n\n\n<p>2 s\u00e9ances : MARDI de 19h30 \u00e0 20h30 et SAMEDI  de 15h \u00e0 16h<\/p>\n\n\n\n<p class=\"has-large-font-size\"><strong>GYMNASTIQUE ARTISTIQUE Gar\u00e7ons et filles . <\/strong><\/p>\n\n\n\n<p class=\"has-medium-font-size\">Salle COBO ( rue de la Grande All\u00e9e 08700 Nouzonville<strong> )<\/strong><\/p>\n\n\n\n<p><strong>ECOLE de GYMNASTIQUE ARTISTIQUE :<\/strong><\/p>\n\n\n\n<p>Enfants n\u00e9s en 2019 , 2018 , 2017 .<\/p>\n\n\n\n<p>Mardi de 17h30 \u00e0 19h . REPRISE le MARDI 9 Septembre pour les anciens licenci\u00e9s ,&nbsp; <br>MARDI 16 septembre pour les nouveaux licenci\u00e9s .<\/p>\n\n\n\n<p><strong>LOISIRS :&nbsp;<\/strong><\/p>\n\n\n\n<p>Enfants n\u00e9s en 2016 et avant :<\/p>\n\n\n\n<p>Mercredi de 18h30 \u00e0 20h .<\/p>\n\n\n\n<p>REPRISE le MERCREDI 10 Septembre pour les anciens licenci\u00e9s , MERCREDI 17 Septembre pour les nouveaux .&nbsp;<\/p>\n\n\n\n<p><strong>POUR TOUTES LES SECTIONS&nbsp;<\/strong> : Tenue correcte exig\u00e9e ( ballerines semelles blanches ou socquettes blanches , cheveux attach\u00e9s )&nbsp;<\/p>\n\n\n\n<p><\/p>\n\n\n\n<p><\/p>\n\n\n\n<p><\/p>\n","protected":false},"excerpt":{"rendered":"<p>*** INSCRIPTIONS 2025 -2026 *** Modern&rsquo; Danse COSEC de Nouzonville (rue de la grande All\u00e9e Nouzonville) Gar\u00e7ons et filles n\u00e9s en 2020 et avant .&nbsp; Vendredi de 17h30 \u00e0 19h<\/p>\n","protected":false},"author":1,"featured_media":0,"parent":0,"menu_order":0,"comment_status":"closed","ping_status":"closed","template":"","meta":{"footnotes":""},"class_list":{"1":"page","2":"type-page","3":"status-publish","4":"hentry"},"_links":{"self":[{"href":"https:\/\/effortdenouzonville.fr\/index.php?rest_route=\/wp\/v2\/pages\/287","targetHints":{"allow":["GET"]}}],"collection":[{"href":"https:\/\/effortdenouzonville.fr\/index.php?rest_route=\/wp\/v2\/pages"}],"about":[{"href":"https:\/\/effortdenouzonville.fr\/index.php?rest_route=\/wp\/v2\/types\/page"}],"author":[{"embeddable":true,"href":"https:\/\/effortdenouzonville.fr\/index.php?rest_route=\/wp\/v2\/users\/1"}],"replies":[{"embeddable":true,"href":"https:\/\/effortdenouzonville.fr\/index.php?rest_route=%2Fwp%2Fv2%2Fcomments&post=287"}],"version-history":[{"count":23,"href":"https:\/\/effortdenouzonville.fr\/index.php?rest_route=\/wp\/v2\/pages\/287\/revisions"}],"predecessor-version":[{"id":3876,"href":"https:\/\/effortdenouzonville.fr\/index.php?rest_route=\/wp\/v2\/pages\/287\/revisions\/3876"}],"wp:attachment":[{"href":"https:\/\/effortdenouzonville.fr\/index.php?rest_route=%2Fwp%2Fv2%2Fmedia&parent=287"}],"curies":[{"name":"wp","href":"https:\/\/api.w.org\/{rel}","templated":true}]}}