{"id":3554,"date":"2025-04-16T11:02:27","date_gmt":"2025-04-16T09:02:27","guid":{"rendered":"https:\/\/effortdenouzonville.fr\/?page_id=3554"},"modified":"2025-06-01T08:55:34","modified_gmt":"2025-06-01T06:55:34","slug":"competitions-2024-2025","status":"publish","type":"page","link":"https:\/\/effortdenouzonville.fr\/?page_id=3554","title":{"rendered":"Comp\u00e9titions 2024 &#8211; 2025"},"content":{"rendered":"\n<p class=\"has-text-align-center has-luminous-vivid-orange-color has-text-color has-link-color has-medium-font-size wp-elements-b9bbf8b06d478a0db09083ed789759a4\">Championnat des Ardennes par Equipes. <\/p>\n\n\n\n<p class=\"has-black-color has-text-color has-link-color has-small-font-size wp-elements-9175696d954ed2350d7d17754a0bcfc2\">Nouzonville &#8211;<em>18 et 19 janvier.<\/em><\/p>\n\n\n\n<p class=\"has-medium-font-size\">4 titres de championnes des Ardennes&nbsp;&nbsp;&nbsp;&nbsp; 1 titre de vice-championne dans la m\u00eame cat\u00e9gorie des nationales 10 ans et plus<\/p>\n\n\n\n<p class=\"has-text-align-center has-luminous-vivid-orange-color has-text-color has-link-color has-medium-font-size wp-elements-c37cd0a73d77f464c7f742dd1cdb5826\">Championnat des Ardennes Individuel. <\/p>\n\n\n\n<p class=\"has-black-color has-text-color has-link-color has-small-font-size wp-elements-8382765a975c00ccd97317c66fadc1e0\"><em>Nouzonville &#8211; 1er et 2 f\u00e9vrier.<\/em><\/p>\n\n\n\n<p class=\"has-medium-font-size\">Engag\u00e9es dans 8 cat\u00e9gories diff\u00e9rentes , les gyms ont glan\u00e9 6 titres de championnes d\u00e9partementales, 2 titres de vice-championnes, et 3 m\u00e9dailles de bronze .<\/p>\n\n\n\n<p class=\"has-text-align-center has-luminous-vivid-orange-color has-text-color has-link-color has-medium-font-size wp-elements-b1f7960c4fcbff0c44d1cb386ead81b1\">Championnat interd\u00e9partemental par \u00e9quipes. <\/p>\n\n\n\n<p class=\"has-black-color has-text-color has-link-color has-small-font-size wp-elements-2408fba6485ef1762a736fc86b665094\">Epernay &#8211;<em>1er et 2 mars.<\/em><\/p>\n\n\n\n<p class=\"has-medium-font-size\">Le titre en F\u00e9d\u00e9rales A 10\/11 ans. et m\u00e9daille argent en F\u00e9d\u00e9rales A 10\/13 ans.<\/p>\n\n\n\n<p class=\"has-text-align-center has-luminous-vivid-orange-color has-text-color has-link-color has-medium-font-size wp-elements-eb508fa24b2af99d6cd101f1911cbeff\">Championnat interd\u00e9partemental Individuel. <\/p>\n\n\n\n<p class=\"has-black-color has-text-color has-link-color has-small-font-size wp-elements-2a0dad714826096edbd16a45cace573d\">Sedan &#8211; <em>29 et 30 mars.<\/em><\/p>\n\n\n\n<p class=\"has-medium-font-size\">2 titres de championnes par \u00e9quipe (Performance 7\/9 ans, Nationale 10 et +) et Titre en individuel F\u00e9d\u00e9rale 10\/11.<\/p>\n\n\n\n<p class=\"has-text-align-center has-luminous-vivid-orange-color has-text-color has-link-color has-medium-font-size wp-elements-1cacb638e545fb780c61569de3e1e84b\">Championnat Individuel R\u00e9gion. <\/p>\n\n\n\n<p class=\"has-black-color has-text-color has-link-color has-small-font-size wp-elements-f9973c2a799c02b4e8b00de69d799904\"><em>Troyes &#8211; 5 et 6 avril.<\/em><\/p>\n\n\n\n<p class=\"has-medium-font-size\">Titre en Nationale 13 ans, et en Performance 12\/13 ans, M\u00e9daille Argent en Nationale 14 ans.<\/p>\n\n\n\n<p class=\"has-text-align-center has-luminous-vivid-orange-color has-text-color has-link-color has-medium-font-size wp-elements-67c937cdce9e7502fbdd88c7b84cf069\">Championnat par Equipe R\u00e9gion.<\/p>\n\n\n\n<p class=\"has-small-font-size\">Mulhouse &#8211; 26 et 27 avril.<\/p>\n\n\n\n<p class=\"has-medium-font-size\">Titre par Equipe. Cat\u00e9gorie Nationale 10 ans et +<\/p>\n\n\n\n<p class=\"has-text-align-center has-luminous-vivid-orange-color has-text-color has-link-color has-medium-font-size wp-elements-3a92bc74df6538150168236dc60d7546\">Championnat de France Individuel<\/p>\n\n\n<div class=\"wp-block-image\">\n<figure class=\"aligncenter size-full is-resized\"><img loading=\"lazy\" decoding=\"async\" width=\"498\" height=\"280\" src=\"https:\/\/effortdenouzonville.fr\/wp-content\/uploads\/2024\/12\/FranceFlagGifGIF.gif\" alt=\"\" class=\"wp-image-3569\" style=\"width:92px;height:auto\"\/><\/figure><\/div>\n\n\n<p class=\"has-small-font-size\"><em>Oyonnax 2,3 et 4 mai<\/em><\/p>\n\n\n\n<p>M\u00e9daille de bronze pour Apolline. 8\u00e8me place pour Alexandra. 16\u00e8me place pour Ma\u00ebline.<\/p>\n\n\n\n<p class=\"has-text-align-center has-luminous-vivid-orange-color has-text-color has-link-color has-medium-font-size wp-elements-39533fd0de1ddad069d861a43d11b584\">Championnat de France par \u00e9quipe.<\/p>\n\n\n<div class=\"wp-block-image\">\n<figure class=\"aligncenter size-full is-resized\"><img loading=\"lazy\" decoding=\"async\" width=\"498\" height=\"280\" src=\"https:\/\/effortdenouzonville.fr\/wp-content\/uploads\/2024\/12\/FranceFlagGifGIF.gif\" alt=\"\" class=\"wp-image-3569\" style=\"width:92px;height:auto\"\/><\/figure><\/div>\n\n\n<p class=\"has-small-font-size\">Saint Quentin en Yvelines 24, 25 et 26 mai.<\/p>\n\n\n\n<p class=\"has-medium-font-size\">M\u00e9daille d&rsquo;argent pour l&rsquo;\u00e9quipe compos\u00e9e d&rsquo;Apolline, Alexandra, Ma\u00ebline et Elona.<\/p>\n\n\n\n<figure class=\"wp-block-gallery has-nested-images columns-default is-cropped wp-block-gallery-1 is-layout-flex wp-block-gallery-is-layout-flex\"><\/figure>\n\n\n\n<p class=\"has-vivid-cyan-blue-color has-text-color has-link-color has-large-font-size wp-elements-56b15b69ad3675d4f6ff338e8e2cdad2\">Merci<\/p>\n","protected":false},"excerpt":{"rendered":"<p>Championnat des Ardennes par Equipes. Nouzonville &#8211;18 et 19 janvier. 4 titres de championnes des Ardennes&nbsp;&nbsp;&nbsp;&nbsp; 1 titre de vice-championne dans la m\u00eame cat\u00e9gorie des nationales 10 ans et plus<\/p>\n","protected":false},"author":1,"featured_media":0,"parent":409,"menu_order":0,"comment_status":"closed","ping_status":"closed","template":"","meta":{"footnotes":""},"class_list":{"1":"page","2":"type-page","3":"status-publish","4":"hentry"},"_links":{"self":[{"href":"https:\/\/effortdenouzonville.fr\/index.php?rest_route=\/wp\/v2\/pages\/3554","targetHints":{"allow":["GET"]}}],"collection":[{"href":"https:\/\/effortdenouzonville.fr\/index.php?rest_route=\/wp\/v2\/pages"}],"about":[{"href":"https:\/\/effortdenouzonville.fr\/index.php?rest_route=\/wp\/v2\/types\/page"}],"author":[{"embeddable":true,"href":"https:\/\/effortdenouzonville.fr\/index.php?rest_route=\/wp\/v2\/users\/1"}],"replies":[{"embeddable":true,"href":"https:\/\/effortdenouzonville.fr\/index.php?rest_route=%2Fwp%2Fv2%2Fcomments&post=3554"}],"version-history":[{"count":23,"href":"https:\/\/effortdenouzonville.fr\/index.php?rest_route=\/wp\/v2\/pages\/3554\/revisions"}],"predecessor-version":[{"id":3827,"href":"https:\/\/effortdenouzonville.fr\/index.php?rest_route=\/wp\/v2\/pages\/3554\/revisions\/3827"}],"up":[{"embeddable":true,"href":"https:\/\/effortdenouzonville.fr\/index.php?rest_route=\/wp\/v2\/pages\/409"}],"wp:attachment":[{"href":"https:\/\/effortdenouzonville.fr\/index.php?rest_route=%2Fwp%2Fv2%2Fmedia&parent=3554"}],"curies":[{"name":"wp","href":"https:\/\/api.w.org\/{rel}","templated":true}]}}