{"id":39,"date":"2021-08-22T13:17:05","date_gmt":"2021-08-22T11:17:05","guid":{"rendered":"http:\/\/effortdenouzonville.fr\/?page_id=39"},"modified":"2025-08-09T19:04:06","modified_gmt":"2025-08-09T17:04:06","slug":"horaires-et-tarifs","status":"publish","type":"page","link":"https:\/\/effortdenouzonville.fr\/?page_id=39","title":{"rendered":"Horaires et tarifs"},"content":{"rendered":"\n<p>Cliquez sur la section de votre choix pour acc\u00e9der aux horaires et tarifs.<\/p>\n\n\n\n<p class=\"has-vivid-cyan-blue-color has-text-color has-link-color has-medium-font-size wp-elements-5efc0be3f20ef0c2bf3d778bd510314f\"><a href=\"https:\/\/effortdenouzonville.fr\/?page_id=284\" data-type=\"page\" data-id=\"284\">BABYGYM- EVEIL<\/a><\/p>\n\n\n\n<p class=\"has-vivid-cyan-blue-color has-text-color has-link-color has-medium-font-size wp-elements-8a19ca6eb91a159dcd3780644b0d87b7\"><a href=\"https:\/\/effortdenouzonville.fr\/?page_id=287\" data-type=\"page\" data-id=\"287\">GAF-GAM-Danse<\/a><\/p>\n\n\n\n<p class=\"has-vivid-cyan-blue-color has-text-color has-link-color has-medium-font-size wp-elements-a54c3c64de0bfb4a2b270db482523fa3\"><a href=\"https:\/\/effortdenouzonville.fr\/?page_id=290\" data-type=\"page\" data-id=\"290\">ACTIVITES ADULTES<\/a><\/p>\n\n\n\n<p>Pour des pr\u00e9cisions sur les horaires d&rsquo;entra\u00eenement des groupes \u00ab\u00a0comp\u00e9tition\u00a0\u00bb GAF , se rapprocher des \u00e9ducateurs\/entra\u00eeneurs.<\/p>\n","protected":false},"excerpt":{"rendered":"<p>Cliquez sur la section de votre choix pour acc\u00e9der aux horaires et tarifs. BABYGYM- EVEIL GAF-GAM-Danse ACTIVITES ADULTES Pour des pr\u00e9cisions sur les horaires d&rsquo;entra\u00eenement des groupes \u00ab\u00a0comp\u00e9tition\u00a0\u00bb GAF ,<\/p>\n","protected":false},"author":1,"featured_media":0,"parent":0,"menu_order":0,"comment_status":"closed","ping_status":"closed","template":"","meta":{"footnotes":""},"class_list":{"1":"page","2":"type-page","3":"status-publish","4":"hentry"},"_links":{"self":[{"href":"https:\/\/effortdenouzonville.fr\/index.php?rest_route=\/wp\/v2\/pages\/39","targetHints":{"allow":["GET"]}}],"collection":[{"href":"https:\/\/effortdenouzonville.fr\/index.php?rest_route=\/wp\/v2\/pages"}],"about":[{"href":"https:\/\/effortdenouzonville.fr\/index.php?rest_route=\/wp\/v2\/types\/page"}],"author":[{"embeddable":true,"href":"https:\/\/effortdenouzonville.fr\/index.php?rest_route=\/wp\/v2\/users\/1"}],"replies":[{"embeddable":true,"href":"https:\/\/effortdenouzonville.fr\/index.php?rest_route=%2Fwp%2Fv2%2Fcomments&post=39"}],"version-history":[{"count":13,"href":"https:\/\/effortdenouzonville.fr\/index.php?rest_route=\/wp\/v2\/pages\/39\/revisions"}],"predecessor-version":[{"id":3915,"href":"https:\/\/effortdenouzonville.fr\/index.php?rest_route=\/wp\/v2\/pages\/39\/revisions\/3915"}],"wp:attachment":[{"href":"https:\/\/effortdenouzonville.fr\/index.php?rest_route=%2Fwp%2Fv2%2Fmedia&parent=39"}],"curies":[{"name":"wp","href":"https:\/\/api.w.org\/{rel}","templated":true}]}}