{"id":425,"date":"2021-08-30T14:55:17","date_gmt":"2021-08-30T12:55:17","guid":{"rendered":"https:\/\/effortdenouzonville.fr\/?page_id=425"},"modified":"2025-09-25T17:18:46","modified_gmt":"2025-09-25T15:18:46","slug":"tournes","status":"publish","type":"page","link":"https:\/\/effortdenouzonville.fr\/?page_id=425","title":{"rendered":"Tournes"},"content":{"rendered":"\n<p><strong>Baby gym \u2013 Eveil<\/strong><br>Pour les enfants n\u00e9s en 2022, 2023 et 2024<br>T\u00e9l\u00e9chargez, remplissez la feuille d\u2019inscription : <a href=\"https:\/\/effortdenouzonville.fr\/wp-content\/uploads\/2025\/09\/dossier-gymnaste-2026.pdf\" data-type=\"attachment\" data-id=\"3979\" target=\"_blank\" rel=\"noreferrer noopener\">Cliquez ici<\/a><br>et remettez-la avec la cotisation lors de la premi\u00e8re s\u00e9ance.<br>Ajoutez le questionnaire sant\u00e9 et son attestation : <a href=\"https:\/\/effortdenouzonville.fr\/wp-content\/uploads\/2021\/08\/Licencies-mineurs-Questionnaire-de-sante-et-attestation-FFG-2021-2022.pdf\" target=\"_blank\" rel=\"noreferrer noopener\">Cliquez ici<\/a><br>Si n\u00e9cessaire, ajouter un certificat m\u00e9dical de non contre indication : <a href=\"https:\/\/effortdenouzonville.fr\/wp-content\/uploads\/2021\/08\/2018.MOD_.CM-PR.v1.pdf\" target=\"_blank\" rel=\"noreferrer noopener\">Cliquez ici<\/a><br><mark style=\"background-color:rgba(0, 0, 0, 0)\" class=\"has-inline-color has-vivid-red-color\">Attention<\/mark>, <mark style=\"background-color:rgba(0, 0, 0, 0)\" class=\"has-inline-color has-vivid-purple-color\">les s\u00e9ances se d\u00e9roulent alternativement \u00e0 la salle omnisport de Tournes (10h30) et \u00e0 la salle Cobo de Nouzonville (9h15 ou 10h00 suivant l&rsquo;\u00e2ge).<\/mark><br><\/p>\n\n\n\n<p><strong>Adultes \u2013 Entretien<\/strong><br>T\u00e9l\u00e9chargez, remplissez la feuille d\u2019inscription : <a href=\"https:\/\/effortdenouzonville.fr\/wp-content\/uploads\/2025\/09\/fiche-adulte-26.pdf\" data-type=\"attachment\" data-id=\"3975\" target=\"_blank\" rel=\"noreferrer noopener\">Cliquez ici<\/a><br>et remettez-la avec la cotisation lors de la premi\u00e8re s\u00e9ance.<br>Ajoutez le questionnaire sant\u00e9 et son attestation : <a href=\"https:\/\/effortdenouzonville.fr\/wp-content\/uploads\/2021\/08\/Licencies-majeurs-Questionnaire-de-sante-et-attestation-FFG-2021-2022.pdf\" target=\"_blank\" rel=\"noreferrer noopener\">Cliquez ici<\/a><br>Si n\u00e9cessaire, ajouter un certificat m\u00e9dical de non contre indication : <a href=\"https:\/\/effortdenouzonville.fr\/wp-content\/uploads\/2021\/08\/2018.MOD_.CM-PR.v1.pdf\" target=\"_blank\" rel=\"noreferrer noopener\">Cliquez ici<\/a><\/p>\n\n\n\n<p><\/p>\n","protected":false},"excerpt":{"rendered":"<p>Baby gym \u2013 EveilPour les enfants n\u00e9s en 2022, 2023 et 2024T\u00e9l\u00e9chargez, remplissez la feuille d\u2019inscription : Cliquez iciet remettez-la avec la cotisation lors de la premi\u00e8re s\u00e9ance.Ajoutez le questionnaire<\/p>\n","protected":false},"author":1,"featured_media":0,"parent":0,"menu_order":0,"comment_status":"closed","ping_status":"closed","template":"","meta":{"footnotes":""},"class_list":{"1":"page","2":"type-page","3":"status-publish","4":"hentry"},"_links":{"self":[{"href":"https:\/\/effortdenouzonville.fr\/index.php?rest_route=\/wp\/v2\/pages\/425","targetHints":{"allow":["GET"]}}],"collection":[{"href":"https:\/\/effortdenouzonville.fr\/index.php?rest_route=\/wp\/v2\/pages"}],"about":[{"href":"https:\/\/effortdenouzonville.fr\/index.php?rest_route=\/wp\/v2\/types\/page"}],"author":[{"embeddable":true,"href":"https:\/\/effortdenouzonville.fr\/index.php?rest_route=\/wp\/v2\/users\/1"}],"replies":[{"embeddable":true,"href":"https:\/\/effortdenouzonville.fr\/index.php?rest_route=%2Fwp%2Fv2%2Fcomments&post=425"}],"version-history":[{"count":44,"href":"https:\/\/effortdenouzonville.fr\/index.php?rest_route=\/wp\/v2\/pages\/425\/revisions"}],"predecessor-version":[{"id":3990,"href":"https:\/\/effortdenouzonville.fr\/index.php?rest_route=\/wp\/v2\/pages\/425\/revisions\/3990"}],"wp:attachment":[{"href":"https:\/\/effortdenouzonville.fr\/index.php?rest_route=%2Fwp%2Fv2%2Fmedia&parent=425"}],"curies":[{"name":"wp","href":"https:\/\/api.w.org\/{rel}","templated":true}]}}