{"id":7,"date":"2021-08-22T12:54:09","date_gmt":"2021-08-22T10:54:09","guid":{"rendered":"http:\/\/effortdenouzonville.fr\/?page_id=7"},"modified":"2025-08-06T16:41:02","modified_gmt":"2025-08-06T14:41:02","slug":"a-propos-de","status":"publish","type":"page","link":"https:\/\/effortdenouzonville.fr\/?page_id=7","title":{"rendered":"Votre club"},"content":{"rendered":"<div class=\"wp-block-image is-style-rounded\">\n<figure class=\"aligncenter size-full\"><img loading=\"lazy\" decoding=\"async\" width=\"150\" height=\"107\" src=\"https:\/\/effortdenouzonville.fr\/wp-content\/uploads\/2025\/08\/Gym_Nouzonville_logo_-bleu-e1754490674721.jpg\" alt=\"\" class=\"wp-image-3849\"\/><\/figure><\/div>\n\n\n<p class=\"has-medium-font-size\">La pr\u00e9sidente, Madame Claudine PIERQUIN,<br>Les membres directeurs,<br>Les \u00e9ducateurs\/entra\u00eeneurs,<br>et tous les b\u00e9n\u00e9voles,<br>vous souhaitent la bienvenue au sein de notre club de gymnastique.<br><br>Apr\u00e8s une ann\u00e9e tr\u00e8s riche en r\u00e9sultats, d\u00e9partementaux, inter-d\u00e9partementaux, r\u00e9gionaux et nationaux (une \u00e9quipe vice-championne de France division nationale 1, et une m\u00e9daill\u00e9e de Bronze en individuel) nous avons le plaisir de vous accueillir pour cette nouvelle ann\u00e9e, au sein de l&rsquo;Effort de Nouzonville. <br>Nous mettons tout en \u0153uvre pour vous offrir des cours vari\u00e9s, adapt\u00e9s \u00e0 tous les niveaux, encadr\u00e9s par des entraineurs passionn\u00e9s et exp\u00e9riment\u00e9s, de la petite enfance, de la danse \u00e0 l&rsquo;\u00e9cole de gym, du loisir pour de la gym sans comp\u00e9tition, de team-gym pour les plus grands, et un secteur comp\u00e9titif en gymnastique artistique f\u00e9minine, niveau f\u00e9d\u00e9ral ou national.<\/p>\n\n\n\n<p class=\"has-medium-font-size\">Nous vous invitons \u00e0 nous rejoindre, chacun trouvera sa place.<br>Faisons de cette saison, une r\u00e9ussite riche en \u00e9motion et en performance &#8230;<\/p>\n\n\n\n<p><\/p>\n","protected":false},"excerpt":{"rendered":"<p>La pr\u00e9sidente, Madame Claudine PIERQUIN,Les membres directeurs,Les \u00e9ducateurs\/entra\u00eeneurs,et tous les b\u00e9n\u00e9voles,vous souhaitent la bienvenue au sein de notre club de gymnastique. Apr\u00e8s une ann\u00e9e tr\u00e8s riche en r\u00e9sultats, d\u00e9partementaux, inter-d\u00e9partementaux,<\/p>\n","protected":false},"author":1,"featured_media":0,"parent":0,"menu_order":0,"comment_status":"closed","ping_status":"closed","template":"","meta":{"footnotes":""},"class_list":{"1":"page","2":"type-page","3":"status-publish","4":"hentry"},"_links":{"self":[{"href":"https:\/\/effortdenouzonville.fr\/index.php?rest_route=\/wp\/v2\/pages\/7","targetHints":{"allow":["GET"]}}],"collection":[{"href":"https:\/\/effortdenouzonville.fr\/index.php?rest_route=\/wp\/v2\/pages"}],"about":[{"href":"https:\/\/effortdenouzonville.fr\/index.php?rest_route=\/wp\/v2\/types\/page"}],"author":[{"embeddable":true,"href":"https:\/\/effortdenouzonville.fr\/index.php?rest_route=\/wp\/v2\/users\/1"}],"replies":[{"embeddable":true,"href":"https:\/\/effortdenouzonville.fr\/index.php?rest_route=%2Fwp%2Fv2%2Fcomments&post=7"}],"version-history":[{"count":12,"href":"https:\/\/effortdenouzonville.fr\/index.php?rest_route=\/wp\/v2\/pages\/7\/revisions"}],"predecessor-version":[{"id":3852,"href":"https:\/\/effortdenouzonville.fr\/index.php?rest_route=\/wp\/v2\/pages\/7\/revisions\/3852"}],"wp:attachment":[{"href":"https:\/\/effortdenouzonville.fr\/index.php?rest_route=%2Fwp%2Fv2%2Fmedia&parent=7"}],"curies":[{"name":"wp","href":"https:\/\/api.w.org\/{rel}","templated":true}]}}