{"id":78,"date":"2021-08-22T15:30:07","date_gmt":"2021-08-22T13:30:07","guid":{"rendered":"http:\/\/effortdenouzonville.fr\/?page_id=78"},"modified":"2025-09-25T17:08:35","modified_gmt":"2025-09-25T15:08:35","slug":"pour-vous-inscrire","status":"publish","type":"page","link":"https:\/\/effortdenouzonville.fr\/?page_id=78","title":{"rendered":"Pour vous inscrire"},"content":{"rendered":"\n<ul class=\"wp-block-list\">\n<li><strong>Baby gym &#8211; Eveil<\/strong><br>Pour les enfants de 15 mois \u00e0 6 ans<br>T\u00e9l\u00e9chargez, remplissez la feuille d&rsquo;inscription : <a href=\"https:\/\/effortdenouzonville.fr\/wp-content\/uploads\/2025\/08\/dossier-gymnaste-2026.pdf\" target=\"_blank\" rel=\"noreferrer noopener\">Cliquez <\/a><a href=\"https:\/\/effortdenouzonville.fr\/wp-content\/uploads\/2025\/08\/dossier-gymnaste-2026.pdf\">ici<\/a><br>et remettez-la avec la cotisation lors de la premi\u00e8re s\u00e9ance. <br>Ajoutez le questionnaire sant\u00e9 et son attestation : <a href=\"https:\/\/effortdenouzonville.fr\/wp-content\/uploads\/2021\/08\/Licencies-mineurs-Questionnaire-de-sante-et-attestation-FFG-2021-2022.pdf\" target=\"_blank\" rel=\"noreferrer noopener\">Cliquez ici<\/a><br>Si n\u00e9cessaire, ajouter un certificat m\u00e9dical de non contre indication : <a href=\"https:\/\/effortdenouzonville.fr\/wp-content\/uploads\/2021\/08\/2018.MOD_.CM-PR.v1.pdf\" target=\"_blank\" rel=\"noreferrer noopener\">Cliquez ici<\/a><br><\/li>\n\n\n\n<li><strong>GAM-GAF-Danse<\/strong> <strong>Team GYM<\/strong><br>Pour les enfants de plus de 6 ans<br>T\u00e9l\u00e9chargez, remplissez la feuille d&rsquo;inscription : <a href=\"https:\/\/effortdenouzonville.fr\/wp-content\/uploads\/2025\/08\/dossier-gymnaste-2026-1.pdf\" data-type=\"link\" data-id=\"https:\/\/effortdenouzonville.fr\/wp-content\/uploads\/2025\/08\/dossier-gymnaste-2026-1.pdf\" target=\"_blank\" rel=\"noreferrer noopener\">Cliquez <\/a><a href=\"https:\/\/effortdenouzonville.fr\/wp-content\/uploads\/2024\/09\/fiche-inscription-PE-GAF-GR.pdf\">ici<\/a><br>et remettez-la avec la cotisation lors de la premi\u00e8re s\u00e9ance. <br>Ajoutez le questionnaire sant\u00e9 et son attestation : <a href=\"https:\/\/effortdenouzonville.fr\/wp-content\/uploads\/2021\/08\/Licencies-mineurs-Questionnaire-de-sante-et-attestation-FFG-2021-2022.pdf\" target=\"_blank\" rel=\"noreferrer noopener\">Cliquez ici<\/a><br>Si n\u00e9cessaire, ajouter un certificat m\u00e9dical de non contre indication : <a href=\"https:\/\/effortdenouzonville.fr\/wp-content\/uploads\/2021\/08\/2018.MOD_.CM-PR.v1.pdf\" target=\"_blank\" rel=\"noreferrer noopener\">Cliquez ici<\/a><\/li>\n\n\n\n<li><strong>Adultes<\/strong><br>A partir de 18 ans<br>T\u00e9l\u00e9chargez, remplissez la feuille d&rsquo;inscription : <a href=\"https:\/\/effortdenouzonville.fr\/wp-content\/uploads\/2025\/09\/fiche-adulte-26.pdf\" data-type=\"attachment\" data-id=\"3975\" target=\"_blank\" rel=\"noreferrer noopener\">Cliquez ici<\/a><br>et remettez-la avec la cotisation lors de la premi\u00e8re s\u00e9ance.<br>Ajoutez le questionnaire sant\u00e9 et son attestation : <a href=\"https:\/\/effortdenouzonville.fr\/wp-content\/uploads\/2021\/08\/Licencies-majeurs-Questionnaire-de-sante-et-attestation-FFG-2021-2022.pdf\" target=\"_blank\" rel=\"noreferrer noopener\">Cliquez ici<\/a><br>Si n\u00e9cessaire, ajouter un certificat m\u00e9dical de non contre indication : <a href=\"https:\/\/effortdenouzonville.fr\/wp-content\/uploads\/2021\/08\/2018.MOD_.CM-PR.v1.pdf\" target=\"_blank\" rel=\"noreferrer noopener\">Cliquez ici<\/a><\/li>\n<\/ul>\n\n\n\n<p><\/p>\n","protected":false},"excerpt":{"rendered":"","protected":false},"author":1,"featured_media":0,"parent":0,"menu_order":0,"comment_status":"closed","ping_status":"closed","template":"","meta":{"footnotes":""},"class_list":{"1":"page","2":"type-page","3":"status-publish","4":"hentry"},"_links":{"self":[{"href":"https:\/\/effortdenouzonville.fr\/index.php?rest_route=\/wp\/v2\/pages\/78","targetHints":{"allow":["GET"]}}],"collection":[{"href":"https:\/\/effortdenouzonville.fr\/index.php?rest_route=\/wp\/v2\/pages"}],"about":[{"href":"https:\/\/effortdenouzonville.fr\/index.php?rest_route=\/wp\/v2\/types\/page"}],"author":[{"embeddable":true,"href":"https:\/\/effortdenouzonville.fr\/index.php?rest_route=\/wp\/v2\/users\/1"}],"replies":[{"embeddable":true,"href":"https:\/\/effortdenouzonville.fr\/index.php?rest_route=%2Fwp%2Fv2%2Fcomments&post=78"}],"version-history":[{"count":45,"href":"https:\/\/effortdenouzonville.fr\/index.php?rest_route=\/wp\/v2\/pages\/78\/revisions"}],"predecessor-version":[{"id":3986,"href":"https:\/\/effortdenouzonville.fr\/index.php?rest_route=\/wp\/v2\/pages\/78\/revisions\/3986"}],"wp:attachment":[{"href":"https:\/\/effortdenouzonville.fr\/index.php?rest_route=%2Fwp%2Fv2%2Fmedia&parent=78"}],"curies":[{"name":"wp","href":"https:\/\/api.w.org\/{rel}","templated":true}]}}